{"id":2379,"date":"2025-08-19T15:56:11","date_gmt":"2025-08-19T13:56:11","guid":{"rendered":"https:\/\/www.anwaltskanzlei-zuerichsee.ch\/derecho-societario\/"},"modified":"2026-04-22T14:41:25","modified_gmt":"2026-04-22T12:41:25","slug":"derecho-societario","status":"publish","type":"page","link":"https:\/\/www.anwaltskanzlei-zuerichsee.ch\/es\/areas-de-practica\/derecho-societario\/","title":{"rendered":"Derecho societario"},"content":{"rendered":"\t\t<div data-elementor-type=\"wp-page\" data-elementor-id=\"2379\" class=\"elementor elementor-2379 elementor-629\">\n\t\t\t\t<div class=\"elementor-element elementor-element-50e972a8 e-flex e-con-boxed e-con e-parent\" data-id=\"50e972a8\" data-element_type=\"container\" data-e-type=\"container\" data-settings=\"{&quot;background_background&quot;:&quot;classic&quot;}\">\n\t\t\t\t\t<div class=\"e-con-inner\">\n\t\t\t\t<div class=\"elementor-element elementor-element-14b5dff2 elementor-widget elementor-widget-heading\" data-id=\"14b5dff2\" data-element_type=\"widget\" data-e-type=\"widget\" data-widget_type=\"heading.default\">\n\t\t\t\t\t<h1 class=\"elementor-heading-title elementor-size-default\">Derecho societario<\/h1>\t\t\t\t<\/div>\n\t\t\t\t\t<\/div>\n\t\t\t\t<\/div>\n\t\t<div class=\"elementor-element elementor-element-14c37864 e-flex e-con-boxed e-con e-parent\" data-id=\"14c37864\" data-element_type=\"container\" data-e-type=\"container\">\n\t\t\t\t\t<div class=\"e-con-inner\">\n\t\t<div class=\"elementor-element elementor-element-5688798c e-con-full e-flex e-con e-child\" data-id=\"5688798c\" data-element_type=\"container\" data-e-type=\"container\">\n\t\t<div class=\"elementor-element elementor-element-35add35e e-con-full e-flex e-con e-child\" data-id=\"35add35e\" data-element_type=\"container\" data-e-type=\"container\">\n\t\t\t\t<div class=\"elementor-element elementor-element-6b22cd65 elementor-widget elementor-widget-heading\" data-id=\"6b22cd65\" data-element_type=\"widget\" data-e-type=\"widget\" data-widget_type=\"heading.default\">\n\t\t\t\t\t<h5 class=\"elementor-heading-title elementor-size-default\">Derecho societario<\/h5>\t\t\t\t<\/div>\n\t\t\t\t<div class=\"elementor-element elementor-element-7b82fe7d elementor-widget elementor-widget-text-editor\" data-id=\"7b82fe7d\" data-element_type=\"widget\" data-e-type=\"widget\" data-widget_type=\"text-editor.default\">\n\t\t\t\t\t\t\t\t\t<p>Nuestra firma asesora a empresas, fundadores, startups e inversores en todas las cuestiones relacionadas con el derecho societario. Le acompa\u00f1amos desde la elecci\u00f3n de la forma jur\u00eddica adecuada hasta la constituci\u00f3n y el asesoramiento jur\u00eddico continuo de su empresa. En todo momento prestamos especial atenci\u00f3n a soluciones pr\u00e1cticas y econ\u00f3micamente razonables que se adapten a su situaci\u00f3n individual.<\/p>\t\t\t\t\t\t\t\t<\/div>\n\t\t\t\t<\/div>\n\t\t<div class=\"elementor-element elementor-element-52a2f423 e-con-full e-flex e-con e-child\" data-id=\"52a2f423\" data-element_type=\"container\" data-e-type=\"container\">\n\t\t<div class=\"elementor-element elementor-element-54b74290 e-con-full elementor-hidden-mobile e-flex e-con e-child\" data-id=\"54b74290\" data-element_type=\"container\" data-e-type=\"container\" data-settings=\"{&quot;background_background&quot;:&quot;classic&quot;}\">\n\t\t\t\t<\/div>\n\t\t<div class=\"elementor-element elementor-element-3eef8cc0 e-con-full e-flex e-con e-child\" data-id=\"3eef8cc0\" data-element_type=\"container\" data-e-type=\"container\">\n\t\t\t\t<div class=\"elementor-element elementor-element-a66dd15 elementor-widget elementor-widget-text-editor\" data-id=\"a66dd15\" data-element_type=\"widget\" data-e-type=\"widget\" data-widget_type=\"text-editor.default\">\n\t\t\t\t\t\t\t\t\t<p>Entre nuestras \u00e1reas de especializaci\u00f3n se encuentran la redacci\u00f3n y revisi\u00f3n de contratos sociales, pactos entre accionistas y estatutos, as\u00ed como el asesoramiento en procesos de aumento de capital, traslado del domicilio social, cambios en la composici\u00f3n del personal directivo, reestructuraciones y procesos de saneamiento empresarial. <br>En caso de conflicto, representamos los intereses de nuestros clientes en litigios relacionados con el derecho socieatario, ya sea entre socios, en cuestiones de responsabilidad o en disputas con \u00f3rganos sociales. Nuestro objetivo es crear claridad jur\u00eddica, minimizar los riesgos y desarrollar soluciones sostenibles.<\/p>\t\t\t\t\t\t\t\t<\/div>\n\t\t\t\t<\/div>\n\t\t\t\t<\/div>\n\t\t<div class=\"elementor-element elementor-element-1c396387 e-con-full e-flex e-con e-child\" data-id=\"1c396387\" data-element_type=\"container\" data-e-type=\"container\">\n\t\t\t\t<div class=\"elementor-element elementor-element-267e2107 elementor-widget elementor-widget-text-editor\" data-id=\"267e2107\" data-element_type=\"widget\" data-e-type=\"widget\" data-widget_type=\"text-editor.default\">\n\t\t\t\t\t\t\t\t\t<p>Con nuestra amplia experiencia y nuestro compromiso, le apoyamos en la gesti\u00f3n jur\u00eddica segura y exitosa de su empresa.<\/p>\t\t\t\t\t\t\t\t<\/div>\n\t\t\t\t<\/div>\n\t\t\t\t<\/div>\n\t\t<div class=\"elementor-element elementor-element-5181bdda e-con-full sidebar-menu e-flex e-con e-child\" data-id=\"5181bdda\" data-element_type=\"container\" data-e-type=\"container\">\n\t\t\t\t<div class=\"elementor-element elementor-element-2e94423f list-unstyled elementor-widget elementor-widget-wp-widget-nav_menu\" data-id=\"2e94423f\" data-element_type=\"widget\" data-e-type=\"widget\" data-widget_type=\"wp-widget-nav_menu.default\">\n\t\t\t\t<div class=\"elementor-widget-container\">\n\t\t\t\t\t<h5>Expertise<\/h5>\t\t\t\t<\/div>\n\t\t\t\t<\/div>\n\t\t\t\t<\/div>\n\t\t\t\t\t<\/div>\n\t\t\t\t<\/div>\n\t\t<div class=\"elementor-element elementor-element-fb5c1a9 e-flex e-con-boxed e-con e-parent\" data-id=\"fb5c1a9\" data-element_type=\"container\" data-e-type=\"container\" id=\"ContaktformFooter\" data-settings=\"{&quot;background_background&quot;:&quot;classic&quot;}\">\n\t\t\t\t\t<div class=\"e-con-inner\">\n\t\t\t\t<div class=\"elementor-element elementor-element-139d2290 elementor-widget elementor-widget-heading\" data-id=\"139d2290\" data-element_type=\"widget\" data-e-type=\"widget\" data-widget_type=\"heading.default\">\n\t\t\t\t\t<h2 class=\"elementor-heading-title elementor-size-default\">P\u00f3ngase en contacto con nosotros<\/h2>\t\t\t\t<\/div>\n\t\t\t\t<div class=\"elementor-element elementor-element-6f34e897 elementor-widget elementor-widget-text-editor\" data-id=\"6f34e897\" data-element_type=\"widget\" data-e-type=\"widget\" data-widget_type=\"text-editor.default\">\n\t\t\t\t\t\t\t\t\t<p>Por favor, rellene el siguiente formulario de contacto y nos pondremos en contacto con usted para discutir su asunto.<\/p>\t\t\t\t\t\t\t\t<\/div>\n\t\t\t\t<div class=\"elementor-element elementor-element-7a4d9045 full-width elementor-widget elementor-widget-wpforms\" data-id=\"7a4d9045\" data-element_type=\"widget\" data-e-type=\"widget\" data-widget_type=\"wpforms.default\">\n\t\t\t\t<div class=\"elementor-widget-container\">\n\t\t\t\t\t<div class=\"wpforms-container wpforms-container-full wpforms-render-modern\" id=\"wpforms-199\"><form id=\"wpforms-form-199\" class=\"wpforms-validate wpforms-form wpforms-ajax-form\" data-formid=\"199\" method=\"post\" enctype=\"multipart\/form-data\" action=\"\/es\/wp-json\/wp\/v2\/pages\/2379\" data-token=\"54e9b1dacb12fd45972be36dfa83d545\" data-token-time=\"1777822302\"><noscript class=\"wpforms-error-noscript\">Por favor, activa JavaScript en tu navegador para completar este formulario.<\/noscript><div id=\"wpforms-error-noscript\" style=\"display: none;\">Por favor, activa JavaScript en tu navegador para completar este formulario.<\/div><div class=\"wpforms-field-container\"><div id=\"wpforms-199-field_1-container\" class=\"wpforms-field wpforms-field-name wpforms-one-third wpforms-first\" data-field-id=\"1\"><label class=\"wpforms-field-label wpforms-label-hide\" for=\"wpforms-199-field_1\" aria-hidden=\"false\">Nombre <span class=\"wpforms-required-label\" aria-hidden=\"true\">*<\/span><\/label><input type=\"text\" id=\"wpforms-199-field_1\" class=\"wpforms-field-large wpforms-field-required\" name=\"wpforms[fields][1]\" placeholder=\"Nombre\" aria-errormessage=\"wpforms-199-field_1-error\" required><\/div>\t\t<div id=\"wpforms-199-field_5-container\"\n\t\t\tclass=\"wpforms-field wpforms-field-text\"\n\t\t\tdata-field-type=\"text\"\n\t\t\tdata-field-id=\"5\"\n\t\t\t>\n\t\t\t<label class=\"wpforms-field-label\" for=\"wpforms-199-field_5\" >Nombre Asunto electr\u00f3nico<\/label>\n\t\t\t<input type=\"text\" id=\"wpforms-199-field_5\" class=\"wpforms-field-medium\" name=\"wpforms[fields][5]\" >\n\t\t<\/div>\n\t\t<div id=\"wpforms-199-field_2-container\" class=\"wpforms-field wpforms-field-email wpforms-one-third\" data-field-id=\"2\"><label class=\"wpforms-field-label wpforms-label-hide\" for=\"wpforms-199-field_2\" aria-hidden=\"false\">Correo electr\u00f3nico <span class=\"wpforms-required-label\" aria-hidden=\"true\">*<\/span><\/label><input type=\"email\" id=\"wpforms-199-field_2\" class=\"wpforms-field-large wpforms-field-required\" name=\"wpforms[fields][2]\" placeholder=\"Correo electr\u00f3nico\" spellcheck=\"false\" aria-errormessage=\"wpforms-199-field_2-error\" required><\/div><div id=\"wpforms-199-field_3-container\" class=\"wpforms-field wpforms-field-text wpforms-one-third\" data-field-id=\"3\"><label class=\"wpforms-field-label wpforms-label-hide\" for=\"wpforms-199-field_3\" aria-hidden=\"false\">Asunto<\/label><input type=\"text\" id=\"wpforms-199-field_3\" class=\"wpforms-field-large\" name=\"wpforms[fields][3]\" placeholder=\"Asunto\" aria-errormessage=\"wpforms-199-field_3-error\" ><\/div><div id=\"wpforms-199-field_4-container\" class=\"wpforms-field wpforms-field-textarea\" data-field-id=\"4\"><label class=\"wpforms-field-label wpforms-label-hide\" for=\"wpforms-199-field_4\" aria-hidden=\"false\">Mensaje <span class=\"wpforms-required-label\" aria-hidden=\"true\">*<\/span><\/label><textarea id=\"wpforms-199-field_4\" class=\"wpforms-field-medium wpforms-field-required\" name=\"wpforms[fields][4]\" placeholder=\"Mensaje\" aria-errormessage=\"wpforms-199-field_4-error\" required><\/textarea><\/div><script>\n\t\t\t\t( function() {\n\t\t\t\t\tconst style = document.createElement( 'style' );\n\t\t\t\t\tstyle.appendChild( document.createTextNode( '#wpforms-199-field_5-container { position: absolute !important; overflow: hidden !important; display: inline !important; height: 1px !important; width: 1px !important; z-index: -1000 !important; padding: 0 !important; } #wpforms-199-field_5-container input { visibility: hidden; } #wpforms-conversational-form-page #wpforms-199-field_5-container label { counter-increment: none; }' ) );\n\t\t\t\t\tdocument.head.appendChild( style );\n\t\t\t\t\tdocument.currentScript?.remove();\n\t\t\t\t} )();\n\t\t\t<\/script><\/div><!-- .wpforms-field-container --><div class=\"wpforms-recaptcha-container wpforms-is-turnstile\" ><div class=\"wpforms-turnstile\" data-sitekey=\"0x4AAAAAAB0N4NWX0wredI7i\" data-action=\"FormID-199\"><\/div><input type=\"text\" name=\"g-recaptcha-hidden\" class=\"wpforms-recaptcha-hidden\" style=\"position:absolute!important;clip:rect(0,0,0,0)!important;height:1px!important;width:1px!important;border:0!important;overflow:hidden!important;padding:0!important;margin:0!important;\" data-rule-turnstile=\"1\"><\/div><div class=\"wpforms-submit-container\" ><input type=\"hidden\" name=\"wpforms[id]\" value=\"199\"><input type=\"hidden\" name=\"page_title\" value=\"\"><input type=\"hidden\" name=\"page_url\" value=\"https:\/\/www.anwaltskanzlei-zuerichsee.ch\/es\/wp-json\/wp\/v2\/pages\/2379\"><input type=\"hidden\" name=\"url_referer\" value=\"\"><button type=\"submit\" name=\"wpforms[submit]\" id=\"wpforms-submit-199\" class=\"wpforms-submit\" data-alt-text=\"Enviando\u2026\" data-submit-text=\"Enviar\" aria-live=\"assertive\" value=\"wpforms-submit\">Enviar<\/button><img decoding=\"async\" src=\"https:\/\/www.anwaltskanzlei-zuerichsee.ch\/wp-content\/plugins\/wpforms-lite\/assets\/images\/submit-spin.svg\" class=\"wpforms-submit-spinner\" style=\"display: none;\" width=\"26\" height=\"26\" alt=\"Cargando\"><\/div><\/form><\/div>  <!-- .wpforms-container -->\t\t\t\t<\/div>\n\t\t\t\t<\/div>\n\t\t\t\t\t<\/div>\n\t\t\t\t<\/div>\n\t\t\t\t<\/div>\n\t\t","protected":false},"excerpt":{"rendered":"<p>Derecho societario Derecho societario Nuestra firma asesora a empresas, fundadores, startups e inversores en todas las cuestiones relacionadas con el derecho societario. Le acompa\u00f1amos desde la elecci\u00f3n de la forma jur\u00eddica adecuada hasta la constituci\u00f3n<br \/><a href=\"https:\/\/www.anwaltskanzlei-zuerichsee.ch\/es\/areas-de-practica\/derecho-societario\/\" rel=\"nofollow\" title=\"Derecho societario\"  >[M\u00e1s&#8230;]<\/a><\/p>\n","protected":false},"author":1,"featured_media":0,"parent":2409,"menu_order":0,"comment_status":"closed","ping_status":"closed","template":"","meta":{"footnotes":""},"class_list":["post-2379","page","type-page","status-publish","hentry"],"yoast_head":"<!-- This site is optimized with the Yoast SEO plugin v27.5 - https:\/\/yoast.com\/product\/yoast-seo-wordpress\/ -->\n<title>Su abogado para Derecho societario | Anwaltskanzlei Z\u00fcrichsee<\/title>\n<meta name=\"description\" content=\"Sus expertos en derecho societario en Wollerau: asesoramiento sobre constituci\u00f3n, reestructuraci\u00f3n, contratos sociales, gesti\u00f3n empresarial y representaci\u00f3n legal.\" \/>\n<meta name=\"robots\" content=\"index, follow, max-snippet:-1, max-image-preview:large, max-video-preview:-1\" \/>\n<link rel=\"canonical\" href=\"https:\/\/www.anwaltskanzlei-zuerichsee.ch\/es\/areas-de-practica\/derecho-societario\/\" \/>\n<meta property=\"og:locale\" content=\"es_ES\" \/>\n<meta property=\"og:type\" content=\"article\" \/>\n<meta property=\"og:title\" content=\"Su abogado para Derecho societario | Anwaltskanzlei Z\u00fcrichsee\" \/>\n<meta property=\"og:description\" content=\"Sus expertos en derecho societario en Wollerau: asesoramiento sobre constituci\u00f3n, reestructuraci\u00f3n, contratos sociales, gesti\u00f3n empresarial y representaci\u00f3n legal.\" \/>\n<meta property=\"og:url\" content=\"https:\/\/www.anwaltskanzlei-zuerichsee.ch\/es\/areas-de-practica\/derecho-societario\/\" \/>\n<meta property=\"og:site_name\" content=\"Anwaltskanzlei Z\u00fcrichsee\" \/>\n<meta property=\"article:modified_time\" content=\"2026-04-22T12:41:25+00:00\" \/>\n<meta property=\"og:image\" content=\"https:\/\/www.anwaltskanzlei-zuerichsee.ch\/wp-content\/plugins\/wpforms-lite\/assets\/images\/submit-spin.svg\" \/>\n<meta name=\"twitter:card\" content=\"summary_large_image\" \/>\n<meta name=\"twitter:label1\" content=\"Tiempo de lectura\" \/>\n\t<meta name=\"twitter:data1\" content=\"1 minuto\" \/>\n<script type=\"application\/ld+json\" class=\"yoast-schema-graph\">{\"@context\":\"https:\\\/\\\/schema.org\",\"@graph\":[{\"@type\":\"WebPage\",\"@id\":\"https:\\\/\\\/www.anwaltskanzlei-zuerichsee.ch\\\/es\\\/areas-de-practica\\\/derecho-societario\\\/\",\"url\":\"https:\\\/\\\/www.anwaltskanzlei-zuerichsee.ch\\\/es\\\/areas-de-practica\\\/derecho-societario\\\/\",\"name\":\"Su abogado para Derecho societario | Anwaltskanzlei Z\u00fcrichsee\",\"isPartOf\":{\"@id\":\"https:\\\/\\\/www.anwaltskanzlei-zuerichsee.ch\\\/es\\\/#website\"},\"primaryImageOfPage\":{\"@id\":\"https:\\\/\\\/www.anwaltskanzlei-zuerichsee.ch\\\/es\\\/areas-de-practica\\\/derecho-societario\\\/#primaryimage\"},\"image\":{\"@id\":\"https:\\\/\\\/www.anwaltskanzlei-zuerichsee.ch\\\/es\\\/areas-de-practica\\\/derecho-societario\\\/#primaryimage\"},\"thumbnailUrl\":\"https:\\\/\\\/www.anwaltskanzlei-zuerichsee.ch\\\/wp-content\\\/plugins\\\/wpforms-lite\\\/assets\\\/images\\\/submit-spin.svg\",\"datePublished\":\"2025-08-19T13:56:11+00:00\",\"dateModified\":\"2026-04-22T12:41:25+00:00\",\"description\":\"Sus expertos en derecho societario en Wollerau: asesoramiento sobre constituci\u00f3n, reestructuraci\u00f3n, contratos sociales, gesti\u00f3n empresarial y representaci\u00f3n legal.\",\"breadcrumb\":{\"@id\":\"https:\\\/\\\/www.anwaltskanzlei-zuerichsee.ch\\\/es\\\/areas-de-practica\\\/derecho-societario\\\/#breadcrumb\"},\"inLanguage\":\"es\",\"potentialAction\":[{\"@type\":\"ReadAction\",\"target\":[\"https:\\\/\\\/www.anwaltskanzlei-zuerichsee.ch\\\/es\\\/areas-de-practica\\\/derecho-societario\\\/\"]}]},{\"@type\":\"ImageObject\",\"inLanguage\":\"es\",\"@id\":\"https:\\\/\\\/www.anwaltskanzlei-zuerichsee.ch\\\/es\\\/areas-de-practica\\\/derecho-societario\\\/#primaryimage\",\"url\":\"https:\\\/\\\/www.anwaltskanzlei-zuerichsee.ch\\\/wp-content\\\/plugins\\\/wpforms-lite\\\/assets\\\/images\\\/submit-spin.svg\",\"contentUrl\":\"https:\\\/\\\/www.anwaltskanzlei-zuerichsee.ch\\\/wp-content\\\/plugins\\\/wpforms-lite\\\/assets\\\/images\\\/submit-spin.svg\"},{\"@type\":\"BreadcrumbList\",\"@id\":\"https:\\\/\\\/www.anwaltskanzlei-zuerichsee.ch\\\/es\\\/areas-de-practica\\\/derecho-societario\\\/#breadcrumb\",\"itemListElement\":[{\"@type\":\"ListItem\",\"position\":1,\"name\":\"Startseite\",\"item\":\"https:\\\/\\\/www.anwaltskanzlei-zuerichsee.ch\\\/es\\\/inicio\\\/\"},{\"@type\":\"ListItem\",\"position\":2,\"name\":\"\u00c1reas de pr\u00e1ctica\",\"item\":\"https:\\\/\\\/www.anwaltskanzlei-zuerichsee.ch\\\/es\\\/areas-de-practica\\\/\"},{\"@type\":\"ListItem\",\"position\":3,\"name\":\"Derecho societario\"}]},{\"@type\":\"WebSite\",\"@id\":\"https:\\\/\\\/www.anwaltskanzlei-zuerichsee.ch\\\/es\\\/#website\",\"url\":\"https:\\\/\\\/www.anwaltskanzlei-zuerichsee.ch\\\/es\\\/\",\"name\":\"Anwaltskanzlei Z\u00fcrichsee\",\"description\":\"\",\"publisher\":{\"@id\":\"https:\\\/\\\/www.anwaltskanzlei-zuerichsee.ch\\\/es\\\/#organization\"},\"potentialAction\":[{\"@type\":\"SearchAction\",\"target\":{\"@type\":\"EntryPoint\",\"urlTemplate\":\"https:\\\/\\\/www.anwaltskanzlei-zuerichsee.ch\\\/es\\\/?s={search_term_string}\"},\"query-input\":{\"@type\":\"PropertyValueSpecification\",\"valueRequired\":true,\"valueName\":\"search_term_string\"}}],\"inLanguage\":\"es\"},{\"@type\":\"Organization\",\"@id\":\"https:\\\/\\\/www.anwaltskanzlei-zuerichsee.ch\\\/es\\\/#organization\",\"name\":\"Anwaltskanzlei Z\u00fcrichsee AG\",\"url\":\"https:\\\/\\\/www.anwaltskanzlei-zuerichsee.ch\\\/es\\\/\",\"logo\":{\"@type\":\"ImageObject\",\"inLanguage\":\"es\",\"@id\":\"https:\\\/\\\/www.anwaltskanzlei-zuerichsee.ch\\\/es\\\/#\\\/schema\\\/logo\\\/image\\\/\",\"url\":\"https:\\\/\\\/www.anwaltskanzlei-zuerichsee.ch\\\/wp-content\\\/uploads\\\/Anwaltskanzlei_Zuerichsee_Logo_Web.png\",\"contentUrl\":\"https:\\\/\\\/www.anwaltskanzlei-zuerichsee.ch\\\/wp-content\\\/uploads\\\/Anwaltskanzlei_Zuerichsee_Logo_Web.png\",\"width\":369,\"height\":60,\"caption\":\"Anwaltskanzlei Z\u00fcrichsee AG\"},\"image\":{\"@id\":\"https:\\\/\\\/www.anwaltskanzlei-zuerichsee.ch\\\/es\\\/#\\\/schema\\\/logo\\\/image\\\/\"}}]}<\/script>\n<!-- \/ Yoast SEO plugin. -->","yoast_head_json":{"title":"Su abogado para Derecho societario | Anwaltskanzlei Z\u00fcrichsee","description":"Sus expertos en derecho societario en Wollerau: asesoramiento sobre constituci\u00f3n, reestructuraci\u00f3n, contratos sociales, gesti\u00f3n empresarial y representaci\u00f3n legal.","robots":{"index":"index","follow":"follow","max-snippet":"max-snippet:-1","max-image-preview":"max-image-preview:large","max-video-preview":"max-video-preview:-1"},"canonical":"https:\/\/www.anwaltskanzlei-zuerichsee.ch\/es\/areas-de-practica\/derecho-societario\/","og_locale":"es_ES","og_type":"article","og_title":"Su abogado para Derecho societario | Anwaltskanzlei Z\u00fcrichsee","og_description":"Sus expertos en derecho societario en Wollerau: asesoramiento sobre constituci\u00f3n, reestructuraci\u00f3n, contratos sociales, gesti\u00f3n empresarial y representaci\u00f3n legal.","og_url":"https:\/\/www.anwaltskanzlei-zuerichsee.ch\/es\/areas-de-practica\/derecho-societario\/","og_site_name":"Anwaltskanzlei Z\u00fcrichsee","article_modified_time":"2026-04-22T12:41:25+00:00","og_image":[{"url":"https:\/\/www.anwaltskanzlei-zuerichsee.ch\/wp-content\/plugins\/wpforms-lite\/assets\/images\/submit-spin.svg","type":"","width":"","height":""}],"twitter_card":"summary_large_image","twitter_misc":{"Tiempo de lectura":"1 minuto"},"schema":{"@context":"https:\/\/schema.org","@graph":[{"@type":"WebPage","@id":"https:\/\/www.anwaltskanzlei-zuerichsee.ch\/es\/areas-de-practica\/derecho-societario\/","url":"https:\/\/www.anwaltskanzlei-zuerichsee.ch\/es\/areas-de-practica\/derecho-societario\/","name":"Su abogado para Derecho societario | Anwaltskanzlei Z\u00fcrichsee","isPartOf":{"@id":"https:\/\/www.anwaltskanzlei-zuerichsee.ch\/es\/#website"},"primaryImageOfPage":{"@id":"https:\/\/www.anwaltskanzlei-zuerichsee.ch\/es\/areas-de-practica\/derecho-societario\/#primaryimage"},"image":{"@id":"https:\/\/www.anwaltskanzlei-zuerichsee.ch\/es\/areas-de-practica\/derecho-societario\/#primaryimage"},"thumbnailUrl":"https:\/\/www.anwaltskanzlei-zuerichsee.ch\/wp-content\/plugins\/wpforms-lite\/assets\/images\/submit-spin.svg","datePublished":"2025-08-19T13:56:11+00:00","dateModified":"2026-04-22T12:41:25+00:00","description":"Sus expertos en derecho societario en Wollerau: asesoramiento sobre constituci\u00f3n, reestructuraci\u00f3n, contratos sociales, gesti\u00f3n empresarial y representaci\u00f3n legal.","breadcrumb":{"@id":"https:\/\/www.anwaltskanzlei-zuerichsee.ch\/es\/areas-de-practica\/derecho-societario\/#breadcrumb"},"inLanguage":"es","potentialAction":[{"@type":"ReadAction","target":["https:\/\/www.anwaltskanzlei-zuerichsee.ch\/es\/areas-de-practica\/derecho-societario\/"]}]},{"@type":"ImageObject","inLanguage":"es","@id":"https:\/\/www.anwaltskanzlei-zuerichsee.ch\/es\/areas-de-practica\/derecho-societario\/#primaryimage","url":"https:\/\/www.anwaltskanzlei-zuerichsee.ch\/wp-content\/plugins\/wpforms-lite\/assets\/images\/submit-spin.svg","contentUrl":"https:\/\/www.anwaltskanzlei-zuerichsee.ch\/wp-content\/plugins\/wpforms-lite\/assets\/images\/submit-spin.svg"},{"@type":"BreadcrumbList","@id":"https:\/\/www.anwaltskanzlei-zuerichsee.ch\/es\/areas-de-practica\/derecho-societario\/#breadcrumb","itemListElement":[{"@type":"ListItem","position":1,"name":"Startseite","item":"https:\/\/www.anwaltskanzlei-zuerichsee.ch\/es\/inicio\/"},{"@type":"ListItem","position":2,"name":"\u00c1reas de pr\u00e1ctica","item":"https:\/\/www.anwaltskanzlei-zuerichsee.ch\/es\/areas-de-practica\/"},{"@type":"ListItem","position":3,"name":"Derecho societario"}]},{"@type":"WebSite","@id":"https:\/\/www.anwaltskanzlei-zuerichsee.ch\/es\/#website","url":"https:\/\/www.anwaltskanzlei-zuerichsee.ch\/es\/","name":"Anwaltskanzlei Z\u00fcrichsee","description":"","publisher":{"@id":"https:\/\/www.anwaltskanzlei-zuerichsee.ch\/es\/#organization"},"potentialAction":[{"@type":"SearchAction","target":{"@type":"EntryPoint","urlTemplate":"https:\/\/www.anwaltskanzlei-zuerichsee.ch\/es\/?s={search_term_string}"},"query-input":{"@type":"PropertyValueSpecification","valueRequired":true,"valueName":"search_term_string"}}],"inLanguage":"es"},{"@type":"Organization","@id":"https:\/\/www.anwaltskanzlei-zuerichsee.ch\/es\/#organization","name":"Anwaltskanzlei Z\u00fcrichsee AG","url":"https:\/\/www.anwaltskanzlei-zuerichsee.ch\/es\/","logo":{"@type":"ImageObject","inLanguage":"es","@id":"https:\/\/www.anwaltskanzlei-zuerichsee.ch\/es\/#\/schema\/logo\/image\/","url":"https:\/\/www.anwaltskanzlei-zuerichsee.ch\/wp-content\/uploads\/Anwaltskanzlei_Zuerichsee_Logo_Web.png","contentUrl":"https:\/\/www.anwaltskanzlei-zuerichsee.ch\/wp-content\/uploads\/Anwaltskanzlei_Zuerichsee_Logo_Web.png","width":369,"height":60,"caption":"Anwaltskanzlei Z\u00fcrichsee AG"},"image":{"@id":"https:\/\/www.anwaltskanzlei-zuerichsee.ch\/es\/#\/schema\/logo\/image\/"}}]}},"_links":{"self":[{"href":"https:\/\/www.anwaltskanzlei-zuerichsee.ch\/es\/wp-json\/wp\/v2\/pages\/2379","targetHints":{"allow":["GET"]}}],"collection":[{"href":"https:\/\/www.anwaltskanzlei-zuerichsee.ch\/es\/wp-json\/wp\/v2\/pages"}],"about":[{"href":"https:\/\/www.anwaltskanzlei-zuerichsee.ch\/es\/wp-json\/wp\/v2\/types\/page"}],"author":[{"embeddable":true,"href":"https:\/\/www.anwaltskanzlei-zuerichsee.ch\/es\/wp-json\/wp\/v2\/users\/1"}],"replies":[{"embeddable":true,"href":"https:\/\/www.anwaltskanzlei-zuerichsee.ch\/es\/wp-json\/wp\/v2\/comments?post=2379"}],"version-history":[{"count":5,"href":"https:\/\/www.anwaltskanzlei-zuerichsee.ch\/es\/wp-json\/wp\/v2\/pages\/2379\/revisions"}],"predecessor-version":[{"id":2393,"href":"https:\/\/www.anwaltskanzlei-zuerichsee.ch\/es\/wp-json\/wp\/v2\/pages\/2379\/revisions\/2393"}],"up":[{"embeddable":true,"href":"https:\/\/www.anwaltskanzlei-zuerichsee.ch\/es\/wp-json\/wp\/v2\/pages\/2409"}],"wp:attachment":[{"href":"https:\/\/www.anwaltskanzlei-zuerichsee.ch\/es\/wp-json\/wp\/v2\/media?parent=2379"}],"curies":[{"name":"wp","href":"https:\/\/api.w.org\/{rel}","templated":true}]}}