{"id":2398,"date":"2025-08-19T15:55:29","date_gmt":"2025-08-19T13:55:29","guid":{"rendered":"https:\/\/www.anwaltskanzlei-zuerichsee.ch\/derecho-procesal\/"},"modified":"2026-04-22T14:41:25","modified_gmt":"2026-04-22T12:41:25","slug":"derecho-procesal","status":"publish","type":"page","link":"https:\/\/www.anwaltskanzlei-zuerichsee.ch\/es\/areas-de-practica\/derecho-procesal\/","title":{"rendered":"Derecho procesal"},"content":{"rendered":"\t\t<div data-elementor-type=\"wp-page\" data-elementor-id=\"2398\" class=\"elementor elementor-2398 elementor-625\">\n\t\t\t\t<div class=\"elementor-element elementor-element-705bd151 e-flex e-con-boxed e-con e-parent\" data-id=\"705bd151\" data-element_type=\"container\" data-e-type=\"container\" data-settings=\"{&quot;background_background&quot;:&quot;classic&quot;}\">\n\t\t\t\t\t<div class=\"e-con-inner\">\n\t\t\t\t<div class=\"elementor-element elementor-element-4b47b56c elementor-widget elementor-widget-heading\" data-id=\"4b47b56c\" data-element_type=\"widget\" data-e-type=\"widget\" data-widget_type=\"heading.default\">\n\t\t\t\t\t<h1 class=\"elementor-heading-title elementor-size-default\">Derecho procesal<\/h1>\t\t\t\t<\/div>\n\t\t\t\t\t<\/div>\n\t\t\t\t<\/div>\n\t\t<div class=\"elementor-element elementor-element-1fc8fa36 e-flex e-con-boxed e-con e-parent\" data-id=\"1fc8fa36\" data-element_type=\"container\" data-e-type=\"container\">\n\t\t\t\t\t<div class=\"e-con-inner\">\n\t\t<div class=\"elementor-element elementor-element-3687f49f e-con-full e-flex e-con e-child\" data-id=\"3687f49f\" data-element_type=\"container\" data-e-type=\"container\">\n\t\t<div class=\"elementor-element elementor-element-75520fbd e-con-full e-flex e-con e-child\" data-id=\"75520fbd\" data-element_type=\"container\" data-e-type=\"container\">\n\t\t\t\t<div class=\"elementor-element elementor-element-5e6ec249 elementor-widget elementor-widget-heading\" data-id=\"5e6ec249\" data-element_type=\"widget\" data-e-type=\"widget\" data-widget_type=\"heading.default\">\n\t\t\t\t\t<h5 class=\"elementor-heading-title elementor-size-default\">Derecho procesal<\/h5>\t\t\t\t<\/div>\n\t\t\t\t<div class=\"elementor-element elementor-element-73b4d20c elementor-widget elementor-widget-text-editor\" data-id=\"73b4d20c\" data-element_type=\"widget\" data-e-type=\"widget\" data-widget_type=\"text-editor.default\">\n\t\t\t\t\t\t\t\t\t<p>En los procesos ante tribunales y autoridades necesita abogados resolutivos y combativos que defiendan sus intereses con determinaci\u00f3n y prudencia. Con nosotros est\u00e1 en las mejores manos.<\/p>\t\t\t\t\t\t\t\t<\/div>\n\t\t\t\t<\/div>\n\t\t<div class=\"elementor-element elementor-element-280f2ac7 e-con-full e-flex e-con e-child\" data-id=\"280f2ac7\" data-element_type=\"container\" data-e-type=\"container\">\n\t\t<div class=\"elementor-element elementor-element-133661e4 e-con-full elementor-hidden-mobile e-flex e-con e-child\" data-id=\"133661e4\" data-element_type=\"container\" data-e-type=\"container\" data-settings=\"{&quot;background_background&quot;:&quot;classic&quot;}\">\n\t\t\t\t<\/div>\n\t\t<div class=\"elementor-element elementor-element-5af6d1f4 e-con-full e-flex e-con e-child\" data-id=\"5af6d1f4\" data-element_type=\"container\" data-e-type=\"container\">\n\t\t\t\t<div class=\"elementor-element elementor-element-7a3e04fa elementor-widget elementor-widget-text-editor\" data-id=\"7a3e04fa\" data-element_type=\"widget\" data-e-type=\"widget\" data-widget_type=\"text-editor.default\">\n\t\t\t\t\t\t\t\t\t<p>Nuestra actividad incluye la conducci\u00f3n de litigios en procedimientos civiles y administrativos, tanto ante tribunales y autoridades estatales como en procedimientos de arbitrales. <br>Nos encargamos de la elaboraci\u00f3n de demandas, solicitudes y recursos, y le representamos en todas las fases del procedimiento, desde la primera instancia hasta \u2014si esnecesario\u2014 el procedimiento ante el Tribunal Federal. Gracias a nuestra experiencia, identificamos oportunidades y riesgos procesales de forma temprana y desarrollamos una estrategia clara adaptada a su situaci\u00f3n.<\/p>\t\t\t\t\t\t\t\t<\/div>\n\t\t\t\t<\/div>\n\t\t\t\t<\/div>\n\t\t<div class=\"elementor-element elementor-element-27652d84 e-con-full e-flex e-con e-child\" data-id=\"27652d84\" data-element_type=\"container\" data-e-type=\"container\">\n\t\t\t\t<div class=\"elementor-element elementor-element-5747f26a elementor-widget elementor-widget-text-editor\" data-id=\"5747f26a\" data-element_type=\"widget\" data-e-type=\"widget\" data-widget_type=\"text-editor.default\">\n\t\t\t\t\t\t\t\t\t<p><a href=\"#ContaktformFooter\">Cont\u00e1ctenos<\/a> para contar con asesores competentes a su lado durante el proceso.<\/p>\t\t\t\t\t\t\t\t<\/div>\n\t\t\t\t<\/div>\n\t\t\t\t<\/div>\n\t\t<div class=\"elementor-element elementor-element-639e0b88 e-con-full sidebar-menu e-flex e-con e-child\" data-id=\"639e0b88\" data-element_type=\"container\" data-e-type=\"container\">\n\t\t\t\t<div class=\"elementor-element elementor-element-bf5bcce list-unstyled elementor-widget elementor-widget-wp-widget-nav_menu\" data-id=\"bf5bcce\" data-element_type=\"widget\" data-e-type=\"widget\" data-widget_type=\"wp-widget-nav_menu.default\">\n\t\t\t\t<div class=\"elementor-widget-container\">\n\t\t\t\t\t<h5>Expertise<\/h5>\t\t\t\t<\/div>\n\t\t\t\t<\/div>\n\t\t\t\t<\/div>\n\t\t\t\t\t<\/div>\n\t\t\t\t<\/div>\n\t\t<div class=\"elementor-element elementor-element-1bed0e5 e-flex e-con-boxed e-con e-parent\" data-id=\"1bed0e5\" data-element_type=\"container\" data-e-type=\"container\" id=\"ContaktformFooter\" data-settings=\"{&quot;background_background&quot;:&quot;classic&quot;}\">\n\t\t\t\t\t<div class=\"e-con-inner\">\n\t\t\t\t<div class=\"elementor-element elementor-element-6f44b0da elementor-widget elementor-widget-heading\" data-id=\"6f44b0da\" data-element_type=\"widget\" data-e-type=\"widget\" data-widget_type=\"heading.default\">\n\t\t\t\t\t<h2 class=\"elementor-heading-title elementor-size-default\">P\u00f3ngase en contacto con nosortros<\/h2>\t\t\t\t<\/div>\n\t\t\t\t<div class=\"elementor-element elementor-element-1ed98c21 elementor-widget elementor-widget-text-editor\" data-id=\"1ed98c21\" data-element_type=\"widget\" data-e-type=\"widget\" data-widget_type=\"text-editor.default\">\n\t\t\t\t\t\t\t\t\t<p>Por favor, rellene el siguiente formulario de contacto y nos pondremos en contacto con usted para hablar de su asunto.<\/p>\t\t\t\t\t\t\t\t<\/div>\n\t\t\t\t<div class=\"elementor-element elementor-element-7d999b1c full-width elementor-widget elementor-widget-wpforms\" data-id=\"7d999b1c\" data-element_type=\"widget\" data-e-type=\"widget\" data-widget_type=\"wpforms.default\">\n\t\t\t\t<div class=\"elementor-widget-container\">\n\t\t\t\t\t<div class=\"wpforms-container wpforms-container-full wpforms-render-modern\" id=\"wpforms-199\"><form id=\"wpforms-form-199\" class=\"wpforms-validate wpforms-form wpforms-ajax-form\" data-formid=\"199\" method=\"post\" enctype=\"multipart\/form-data\" action=\"\/es\/wp-json\/wp\/v2\/pages\/2398\" data-token=\"54e9b1dacb12fd45972be36dfa83d545\" data-token-time=\"1777821804\"><noscript class=\"wpforms-error-noscript\">Por favor, activa JavaScript en tu navegador para completar este formulario.<\/noscript><div id=\"wpforms-error-noscript\" style=\"display: none;\">Por favor, activa JavaScript en tu navegador para completar este formulario.<\/div><div class=\"wpforms-field-container\"><div id=\"wpforms-199-field_1-container\" class=\"wpforms-field wpforms-field-name wpforms-one-third wpforms-first\" data-field-id=\"1\"><label class=\"wpforms-field-label wpforms-label-hide\" for=\"wpforms-199-field_1\" aria-hidden=\"false\">Nombre <span class=\"wpforms-required-label\" aria-hidden=\"true\">*<\/span><\/label><input type=\"text\" id=\"wpforms-199-field_1\" class=\"wpforms-field-large wpforms-field-required\" name=\"wpforms[fields][1]\" placeholder=\"Nombre\" aria-errormessage=\"wpforms-199-field_1-error\" required><\/div><div id=\"wpforms-199-field_2-container\" class=\"wpforms-field wpforms-field-email wpforms-one-third\" data-field-id=\"2\"><label class=\"wpforms-field-label wpforms-label-hide\" for=\"wpforms-199-field_2\" aria-hidden=\"false\">Correo electr\u00f3nico <span class=\"wpforms-required-label\" aria-hidden=\"true\">*<\/span><\/label><input type=\"email\" id=\"wpforms-199-field_2\" class=\"wpforms-field-large wpforms-field-required\" name=\"wpforms[fields][2]\" placeholder=\"Correo electr\u00f3nico\" spellcheck=\"false\" aria-errormessage=\"wpforms-199-field_2-error\" required><\/div>\t\t<div id=\"wpforms-199-field_5-container\"\n\t\t\tclass=\"wpforms-field wpforms-field-text\"\n\t\t\tdata-field-type=\"text\"\n\t\t\tdata-field-id=\"5\"\n\t\t\t>\n\t\t\t<label class=\"wpforms-field-label\" for=\"wpforms-199-field_5\" >Correo Mensaje Nombre<\/label>\n\t\t\t<input type=\"text\" id=\"wpforms-199-field_5\" class=\"wpforms-field-medium\" name=\"wpforms[fields][5]\" >\n\t\t<\/div>\n\t\t<div id=\"wpforms-199-field_3-container\" class=\"wpforms-field wpforms-field-text wpforms-one-third\" data-field-id=\"3\"><label class=\"wpforms-field-label wpforms-label-hide\" for=\"wpforms-199-field_3\" aria-hidden=\"false\">Asunto<\/label><input type=\"text\" id=\"wpforms-199-field_3\" class=\"wpforms-field-large\" name=\"wpforms[fields][3]\" placeholder=\"Asunto\" aria-errormessage=\"wpforms-199-field_3-error\" ><\/div><div id=\"wpforms-199-field_4-container\" class=\"wpforms-field wpforms-field-textarea\" data-field-id=\"4\"><label class=\"wpforms-field-label wpforms-label-hide\" for=\"wpforms-199-field_4\" aria-hidden=\"false\">Mensaje <span class=\"wpforms-required-label\" aria-hidden=\"true\">*<\/span><\/label><textarea id=\"wpforms-199-field_4\" class=\"wpforms-field-medium wpforms-field-required\" name=\"wpforms[fields][4]\" placeholder=\"Mensaje\" aria-errormessage=\"wpforms-199-field_4-error\" required><\/textarea><\/div><script>\n\t\t\t\t( function() {\n\t\t\t\t\tconst style = document.createElement( 'style' );\n\t\t\t\t\tstyle.appendChild( document.createTextNode( '#wpforms-199-field_5-container { position: absolute !important; overflow: hidden !important; display: inline !important; height: 1px !important; width: 1px !important; z-index: -1000 !important; padding: 0 !important; } #wpforms-199-field_5-container input { visibility: hidden; } #wpforms-conversational-form-page #wpforms-199-field_5-container label { counter-increment: none; }' ) );\n\t\t\t\t\tdocument.head.appendChild( style );\n\t\t\t\t\tdocument.currentScript?.remove();\n\t\t\t\t} )();\n\t\t\t<\/script><\/div><!-- .wpforms-field-container --><div class=\"wpforms-recaptcha-container wpforms-is-turnstile\" ><div class=\"wpforms-turnstile\" data-sitekey=\"0x4AAAAAAB0N4NWX0wredI7i\" data-action=\"FormID-199\"><\/div><input type=\"text\" name=\"g-recaptcha-hidden\" class=\"wpforms-recaptcha-hidden\" style=\"position:absolute!important;clip:rect(0,0,0,0)!important;height:1px!important;width:1px!important;border:0!important;overflow:hidden!important;padding:0!important;margin:0!important;\" data-rule-turnstile=\"1\"><\/div><div class=\"wpforms-submit-container\" ><input type=\"hidden\" name=\"wpforms[id]\" value=\"199\"><input type=\"hidden\" name=\"page_title\" value=\"\"><input type=\"hidden\" name=\"page_url\" value=\"https:\/\/www.anwaltskanzlei-zuerichsee.ch\/es\/wp-json\/wp\/v2\/pages\/2398\"><input type=\"hidden\" name=\"url_referer\" value=\"\"><button type=\"submit\" name=\"wpforms[submit]\" id=\"wpforms-submit-199\" class=\"wpforms-submit\" data-alt-text=\"Enviando\u2026\" data-submit-text=\"Enviar\" aria-live=\"assertive\" value=\"wpforms-submit\">Enviar<\/button><img decoding=\"async\" src=\"https:\/\/www.anwaltskanzlei-zuerichsee.ch\/wp-content\/plugins\/wpforms-lite\/assets\/images\/submit-spin.svg\" class=\"wpforms-submit-spinner\" style=\"display: none;\" width=\"26\" height=\"26\" alt=\"Cargando\"><\/div><\/form><\/div>  <!-- .wpforms-container -->\t\t\t\t<\/div>\n\t\t\t\t<\/div>\n\t\t\t\t\t<\/div>\n\t\t\t\t<\/div>\n\t\t\t\t<\/div>\n\t\t","protected":false},"excerpt":{"rendered":"<p>Derecho procesal Derecho procesal En los procesos ante tribunales y autoridades necesita abogados resolutivos y combativos que defiendan sus intereses con determinaci\u00f3n y prudencia. Con nosotros est\u00e1 en las mejores manos. Nuestra actividad incluye la<br \/><a href=\"https:\/\/www.anwaltskanzlei-zuerichsee.ch\/es\/areas-de-practica\/derecho-procesal\/\" rel=\"nofollow\" title=\"Derecho procesal\"  >[M\u00e1s&#8230;]<\/a><\/p>\n","protected":false},"author":1,"featured_media":0,"parent":2409,"menu_order":0,"comment_status":"closed","ping_status":"closed","template":"","meta":{"footnotes":""},"class_list":["post-2398","page","type-page","status-publish","hentry"],"yoast_head":"<!-- This site is optimized with the Yoast SEO plugin v27.5 - https:\/\/yoast.com\/product\/yoast-seo-wordpress\/ -->\n<title>Su abogado para Derecho procesal | Anwaltskanzlei Z\u00fcrichsee<\/title>\n<meta name=\"description\" content=\"Sus expertos en derecho procesal: representaci\u00f3n en procedimientos judiciales, litigios, demandas y asistencia jur\u00eddica en procesos civiles y mercantiles.\" \/>\n<meta name=\"robots\" content=\"index, follow, max-snippet:-1, max-image-preview:large, max-video-preview:-1\" \/>\n<link rel=\"canonical\" href=\"https:\/\/www.anwaltskanzlei-zuerichsee.ch\/es\/areas-de-practica\/derecho-procesal\/\" \/>\n<meta property=\"og:locale\" content=\"es_ES\" \/>\n<meta property=\"og:type\" content=\"article\" \/>\n<meta property=\"og:title\" content=\"Su abogado para Derecho procesal | Anwaltskanzlei Z\u00fcrichsee\" \/>\n<meta property=\"og:description\" content=\"Sus expertos en derecho procesal: representaci\u00f3n en procedimientos judiciales, litigios, demandas y asistencia jur\u00eddica en procesos civiles y mercantiles.\" \/>\n<meta property=\"og:url\" content=\"https:\/\/www.anwaltskanzlei-zuerichsee.ch\/es\/areas-de-practica\/derecho-procesal\/\" \/>\n<meta property=\"og:site_name\" content=\"Anwaltskanzlei Z\u00fcrichsee\" \/>\n<meta property=\"article:modified_time\" content=\"2026-04-22T12:41:25+00:00\" \/>\n<meta property=\"og:image\" content=\"https:\/\/www.anwaltskanzlei-zuerichsee.ch\/wp-content\/plugins\/wpforms-lite\/assets\/images\/submit-spin.svg\" \/>\n<meta name=\"twitter:card\" content=\"summary_large_image\" \/>\n<meta name=\"twitter:label1\" content=\"Tiempo de lectura\" \/>\n\t<meta name=\"twitter:data1\" content=\"1 minuto\" \/>\n<script type=\"application\/ld+json\" class=\"yoast-schema-graph\">{\"@context\":\"https:\\\/\\\/schema.org\",\"@graph\":[{\"@type\":\"WebPage\",\"@id\":\"https:\\\/\\\/www.anwaltskanzlei-zuerichsee.ch\\\/es\\\/areas-de-practica\\\/derecho-procesal\\\/\",\"url\":\"https:\\\/\\\/www.anwaltskanzlei-zuerichsee.ch\\\/es\\\/areas-de-practica\\\/derecho-procesal\\\/\",\"name\":\"Su abogado para Derecho procesal | Anwaltskanzlei Z\u00fcrichsee\",\"isPartOf\":{\"@id\":\"https:\\\/\\\/www.anwaltskanzlei-zuerichsee.ch\\\/es\\\/#website\"},\"primaryImageOfPage\":{\"@id\":\"https:\\\/\\\/www.anwaltskanzlei-zuerichsee.ch\\\/es\\\/areas-de-practica\\\/derecho-procesal\\\/#primaryimage\"},\"image\":{\"@id\":\"https:\\\/\\\/www.anwaltskanzlei-zuerichsee.ch\\\/es\\\/areas-de-practica\\\/derecho-procesal\\\/#primaryimage\"},\"thumbnailUrl\":\"https:\\\/\\\/www.anwaltskanzlei-zuerichsee.ch\\\/wp-content\\\/plugins\\\/wpforms-lite\\\/assets\\\/images\\\/submit-spin.svg\",\"datePublished\":\"2025-08-19T13:55:29+00:00\",\"dateModified\":\"2026-04-22T12:41:25+00:00\",\"description\":\"Sus expertos en derecho procesal: representaci\u00f3n en procedimientos judiciales, litigios, demandas y asistencia jur\u00eddica en procesos civiles y mercantiles.\",\"breadcrumb\":{\"@id\":\"https:\\\/\\\/www.anwaltskanzlei-zuerichsee.ch\\\/es\\\/areas-de-practica\\\/derecho-procesal\\\/#breadcrumb\"},\"inLanguage\":\"es\",\"potentialAction\":[{\"@type\":\"ReadAction\",\"target\":[\"https:\\\/\\\/www.anwaltskanzlei-zuerichsee.ch\\\/es\\\/areas-de-practica\\\/derecho-procesal\\\/\"]}]},{\"@type\":\"ImageObject\",\"inLanguage\":\"es\",\"@id\":\"https:\\\/\\\/www.anwaltskanzlei-zuerichsee.ch\\\/es\\\/areas-de-practica\\\/derecho-procesal\\\/#primaryimage\",\"url\":\"https:\\\/\\\/www.anwaltskanzlei-zuerichsee.ch\\\/wp-content\\\/plugins\\\/wpforms-lite\\\/assets\\\/images\\\/submit-spin.svg\",\"contentUrl\":\"https:\\\/\\\/www.anwaltskanzlei-zuerichsee.ch\\\/wp-content\\\/plugins\\\/wpforms-lite\\\/assets\\\/images\\\/submit-spin.svg\"},{\"@type\":\"BreadcrumbList\",\"@id\":\"https:\\\/\\\/www.anwaltskanzlei-zuerichsee.ch\\\/es\\\/areas-de-practica\\\/derecho-procesal\\\/#breadcrumb\",\"itemListElement\":[{\"@type\":\"ListItem\",\"position\":1,\"name\":\"Startseite\",\"item\":\"https:\\\/\\\/www.anwaltskanzlei-zuerichsee.ch\\\/es\\\/inicio\\\/\"},{\"@type\":\"ListItem\",\"position\":2,\"name\":\"\u00c1reas de pr\u00e1ctica\",\"item\":\"https:\\\/\\\/www.anwaltskanzlei-zuerichsee.ch\\\/es\\\/areas-de-practica\\\/\"},{\"@type\":\"ListItem\",\"position\":3,\"name\":\"Derecho procesal\"}]},{\"@type\":\"WebSite\",\"@id\":\"https:\\\/\\\/www.anwaltskanzlei-zuerichsee.ch\\\/es\\\/#website\",\"url\":\"https:\\\/\\\/www.anwaltskanzlei-zuerichsee.ch\\\/es\\\/\",\"name\":\"Anwaltskanzlei Z\u00fcrichsee\",\"description\":\"\",\"publisher\":{\"@id\":\"https:\\\/\\\/www.anwaltskanzlei-zuerichsee.ch\\\/es\\\/#organization\"},\"potentialAction\":[{\"@type\":\"SearchAction\",\"target\":{\"@type\":\"EntryPoint\",\"urlTemplate\":\"https:\\\/\\\/www.anwaltskanzlei-zuerichsee.ch\\\/es\\\/?s={search_term_string}\"},\"query-input\":{\"@type\":\"PropertyValueSpecification\",\"valueRequired\":true,\"valueName\":\"search_term_string\"}}],\"inLanguage\":\"es\"},{\"@type\":\"Organization\",\"@id\":\"https:\\\/\\\/www.anwaltskanzlei-zuerichsee.ch\\\/es\\\/#organization\",\"name\":\"Anwaltskanzlei Z\u00fcrichsee AG\",\"url\":\"https:\\\/\\\/www.anwaltskanzlei-zuerichsee.ch\\\/es\\\/\",\"logo\":{\"@type\":\"ImageObject\",\"inLanguage\":\"es\",\"@id\":\"https:\\\/\\\/www.anwaltskanzlei-zuerichsee.ch\\\/es\\\/#\\\/schema\\\/logo\\\/image\\\/\",\"url\":\"https:\\\/\\\/www.anwaltskanzlei-zuerichsee.ch\\\/wp-content\\\/uploads\\\/Anwaltskanzlei_Zuerichsee_Logo_Web.png\",\"contentUrl\":\"https:\\\/\\\/www.anwaltskanzlei-zuerichsee.ch\\\/wp-content\\\/uploads\\\/Anwaltskanzlei_Zuerichsee_Logo_Web.png\",\"width\":369,\"height\":60,\"caption\":\"Anwaltskanzlei Z\u00fcrichsee AG\"},\"image\":{\"@id\":\"https:\\\/\\\/www.anwaltskanzlei-zuerichsee.ch\\\/es\\\/#\\\/schema\\\/logo\\\/image\\\/\"}}]}<\/script>\n<!-- \/ Yoast SEO plugin. -->","yoast_head_json":{"title":"Su abogado para Derecho procesal | Anwaltskanzlei Z\u00fcrichsee","description":"Sus expertos en derecho procesal: representaci\u00f3n en procedimientos judiciales, litigios, demandas y asistencia jur\u00eddica en procesos civiles y mercantiles.","robots":{"index":"index","follow":"follow","max-snippet":"max-snippet:-1","max-image-preview":"max-image-preview:large","max-video-preview":"max-video-preview:-1"},"canonical":"https:\/\/www.anwaltskanzlei-zuerichsee.ch\/es\/areas-de-practica\/derecho-procesal\/","og_locale":"es_ES","og_type":"article","og_title":"Su abogado para Derecho procesal | Anwaltskanzlei Z\u00fcrichsee","og_description":"Sus expertos en derecho procesal: representaci\u00f3n en procedimientos judiciales, litigios, demandas y asistencia jur\u00eddica en procesos civiles y mercantiles.","og_url":"https:\/\/www.anwaltskanzlei-zuerichsee.ch\/es\/areas-de-practica\/derecho-procesal\/","og_site_name":"Anwaltskanzlei Z\u00fcrichsee","article_modified_time":"2026-04-22T12:41:25+00:00","og_image":[{"url":"https:\/\/www.anwaltskanzlei-zuerichsee.ch\/wp-content\/plugins\/wpforms-lite\/assets\/images\/submit-spin.svg","type":"","width":"","height":""}],"twitter_card":"summary_large_image","twitter_misc":{"Tiempo de lectura":"1 minuto"},"schema":{"@context":"https:\/\/schema.org","@graph":[{"@type":"WebPage","@id":"https:\/\/www.anwaltskanzlei-zuerichsee.ch\/es\/areas-de-practica\/derecho-procesal\/","url":"https:\/\/www.anwaltskanzlei-zuerichsee.ch\/es\/areas-de-practica\/derecho-procesal\/","name":"Su abogado para Derecho procesal | Anwaltskanzlei Z\u00fcrichsee","isPartOf":{"@id":"https:\/\/www.anwaltskanzlei-zuerichsee.ch\/es\/#website"},"primaryImageOfPage":{"@id":"https:\/\/www.anwaltskanzlei-zuerichsee.ch\/es\/areas-de-practica\/derecho-procesal\/#primaryimage"},"image":{"@id":"https:\/\/www.anwaltskanzlei-zuerichsee.ch\/es\/areas-de-practica\/derecho-procesal\/#primaryimage"},"thumbnailUrl":"https:\/\/www.anwaltskanzlei-zuerichsee.ch\/wp-content\/plugins\/wpforms-lite\/assets\/images\/submit-spin.svg","datePublished":"2025-08-19T13:55:29+00:00","dateModified":"2026-04-22T12:41:25+00:00","description":"Sus expertos en derecho procesal: representaci\u00f3n en procedimientos judiciales, litigios, demandas y asistencia jur\u00eddica en procesos civiles y mercantiles.","breadcrumb":{"@id":"https:\/\/www.anwaltskanzlei-zuerichsee.ch\/es\/areas-de-practica\/derecho-procesal\/#breadcrumb"},"inLanguage":"es","potentialAction":[{"@type":"ReadAction","target":["https:\/\/www.anwaltskanzlei-zuerichsee.ch\/es\/areas-de-practica\/derecho-procesal\/"]}]},{"@type":"ImageObject","inLanguage":"es","@id":"https:\/\/www.anwaltskanzlei-zuerichsee.ch\/es\/areas-de-practica\/derecho-procesal\/#primaryimage","url":"https:\/\/www.anwaltskanzlei-zuerichsee.ch\/wp-content\/plugins\/wpforms-lite\/assets\/images\/submit-spin.svg","contentUrl":"https:\/\/www.anwaltskanzlei-zuerichsee.ch\/wp-content\/plugins\/wpforms-lite\/assets\/images\/submit-spin.svg"},{"@type":"BreadcrumbList","@id":"https:\/\/www.anwaltskanzlei-zuerichsee.ch\/es\/areas-de-practica\/derecho-procesal\/#breadcrumb","itemListElement":[{"@type":"ListItem","position":1,"name":"Startseite","item":"https:\/\/www.anwaltskanzlei-zuerichsee.ch\/es\/inicio\/"},{"@type":"ListItem","position":2,"name":"\u00c1reas de pr\u00e1ctica","item":"https:\/\/www.anwaltskanzlei-zuerichsee.ch\/es\/areas-de-practica\/"},{"@type":"ListItem","position":3,"name":"Derecho procesal"}]},{"@type":"WebSite","@id":"https:\/\/www.anwaltskanzlei-zuerichsee.ch\/es\/#website","url":"https:\/\/www.anwaltskanzlei-zuerichsee.ch\/es\/","name":"Anwaltskanzlei Z\u00fcrichsee","description":"","publisher":{"@id":"https:\/\/www.anwaltskanzlei-zuerichsee.ch\/es\/#organization"},"potentialAction":[{"@type":"SearchAction","target":{"@type":"EntryPoint","urlTemplate":"https:\/\/www.anwaltskanzlei-zuerichsee.ch\/es\/?s={search_term_string}"},"query-input":{"@type":"PropertyValueSpecification","valueRequired":true,"valueName":"search_term_string"}}],"inLanguage":"es"},{"@type":"Organization","@id":"https:\/\/www.anwaltskanzlei-zuerichsee.ch\/es\/#organization","name":"Anwaltskanzlei Z\u00fcrichsee AG","url":"https:\/\/www.anwaltskanzlei-zuerichsee.ch\/es\/","logo":{"@type":"ImageObject","inLanguage":"es","@id":"https:\/\/www.anwaltskanzlei-zuerichsee.ch\/es\/#\/schema\/logo\/image\/","url":"https:\/\/www.anwaltskanzlei-zuerichsee.ch\/wp-content\/uploads\/Anwaltskanzlei_Zuerichsee_Logo_Web.png","contentUrl":"https:\/\/www.anwaltskanzlei-zuerichsee.ch\/wp-content\/uploads\/Anwaltskanzlei_Zuerichsee_Logo_Web.png","width":369,"height":60,"caption":"Anwaltskanzlei Z\u00fcrichsee AG"},"image":{"@id":"https:\/\/www.anwaltskanzlei-zuerichsee.ch\/es\/#\/schema\/logo\/image\/"}}]}},"_links":{"self":[{"href":"https:\/\/www.anwaltskanzlei-zuerichsee.ch\/es\/wp-json\/wp\/v2\/pages\/2398","targetHints":{"allow":["GET"]}}],"collection":[{"href":"https:\/\/www.anwaltskanzlei-zuerichsee.ch\/es\/wp-json\/wp\/v2\/pages"}],"about":[{"href":"https:\/\/www.anwaltskanzlei-zuerichsee.ch\/es\/wp-json\/wp\/v2\/types\/page"}],"author":[{"embeddable":true,"href":"https:\/\/www.anwaltskanzlei-zuerichsee.ch\/es\/wp-json\/wp\/v2\/users\/1"}],"replies":[{"embeddable":true,"href":"https:\/\/www.anwaltskanzlei-zuerichsee.ch\/es\/wp-json\/wp\/v2\/comments?post=2398"}],"version-history":[{"count":1,"href":"https:\/\/www.anwaltskanzlei-zuerichsee.ch\/es\/wp-json\/wp\/v2\/pages\/2398\/revisions"}],"predecessor-version":[{"id":2399,"href":"https:\/\/www.anwaltskanzlei-zuerichsee.ch\/es\/wp-json\/wp\/v2\/pages\/2398\/revisions\/2399"}],"up":[{"embeddable":true,"href":"https:\/\/www.anwaltskanzlei-zuerichsee.ch\/es\/wp-json\/wp\/v2\/pages\/2409"}],"wp:attachment":[{"href":"https:\/\/www.anwaltskanzlei-zuerichsee.ch\/es\/wp-json\/wp\/v2\/media?parent=2398"}],"curies":[{"name":"wp","href":"https:\/\/api.w.org\/{rel}","templated":true}]}}