{"id":2427,"date":"2025-08-19T15:53:52","date_gmt":"2025-08-19T13:53:52","guid":{"rendered":"https:\/\/www.anwaltskanzlei-zuerichsee.ch\/areas-de-practica\/derecho-empresarial\/"},"modified":"2026-04-22T16:49:01","modified_gmt":"2026-04-22T14:49:01","slug":"derecho-empresarial","status":"publish","type":"page","link":"https:\/\/www.anwaltskanzlei-zuerichsee.ch\/es\/areas-de-practica\/derecho-empresarial\/","title":{"rendered":"Derecho empresarial"},"content":{"rendered":"\t\t<div data-elementor-type=\"wp-page\" data-elementor-id=\"2427\" class=\"elementor elementor-2427 elementor-615\">\n\t\t\t\t<div class=\"elementor-element elementor-element-9fc2765 e-flex e-con-boxed e-con e-parent\" data-id=\"9fc2765\" data-element_type=\"container\" data-e-type=\"container\" data-settings=\"{&quot;background_background&quot;:&quot;classic&quot;}\">\n\t\t\t\t\t<div class=\"e-con-inner\">\n\t\t\t\t<div class=\"elementor-element elementor-element-7fb13aa8 elementor-widget elementor-widget-heading\" data-id=\"7fb13aa8\" data-element_type=\"widget\" data-e-type=\"widget\" data-widget_type=\"heading.default\">\n\t\t\t\t\t<h1 class=\"elementor-heading-title elementor-size-default\">Derecho empresarial<\/h1>\t\t\t\t<\/div>\n\t\t\t\t\t<\/div>\n\t\t\t\t<\/div>\n\t\t<div class=\"elementor-element elementor-element-7f07aadc e-flex e-con-boxed e-con e-parent\" data-id=\"7f07aadc\" data-element_type=\"container\" data-e-type=\"container\">\n\t\t\t\t\t<div class=\"e-con-inner\">\n\t\t<div class=\"elementor-element elementor-element-4dde49b4 e-con-full e-flex e-con e-child\" data-id=\"4dde49b4\" data-element_type=\"container\" data-e-type=\"container\">\n\t\t<div class=\"elementor-element elementor-element-2f160981 e-con-full e-flex e-con e-child\" data-id=\"2f160981\" data-element_type=\"container\" data-e-type=\"container\">\n\t\t\t\t<div class=\"elementor-element elementor-element-445a9bee elementor-widget elementor-widget-heading\" data-id=\"445a9bee\" data-element_type=\"widget\" data-e-type=\"widget\" data-widget_type=\"heading.default\">\n\t\t\t\t\t<h5 class=\"elementor-heading-title elementor-size-default\">Derecho empresarial<\/h5>\t\t\t\t<\/div>\n\t\t\t\t<div class=\"elementor-element elementor-element-19185a0e elementor-widget elementor-widget-text-editor\" data-id=\"19185a0e\" data-element_type=\"widget\" data-e-type=\"widget\" data-widget_type=\"text-editor.default\">\n\t\t\t\t\t\t\t\t\t<p>Asesoramos y representamos a empresas en todas las cuestiones legales relacionadas con la actividad empresarial cotidiana.<br><\/p>\t\t\t\t\t\t\t\t<\/div>\n\t\t\t\t<\/div>\n\t\t<div class=\"elementor-element elementor-element-2dcb4038 e-con-full e-flex e-con e-child\" data-id=\"2dcb4038\" data-element_type=\"container\" data-e-type=\"container\">\n\t\t<div class=\"elementor-element elementor-element-681b988a e-con-full elementor-hidden-mobile e-flex e-con e-child\" data-id=\"681b988a\" data-element_type=\"container\" data-e-type=\"container\" data-settings=\"{&quot;background_background&quot;:&quot;classic&quot;}\">\n\t\t\t\t<\/div>\n\t\t<div class=\"elementor-element elementor-element-40dd7f71 e-con-full e-flex e-con e-child\" data-id=\"40dd7f71\" data-element_type=\"container\" data-e-type=\"container\">\n\t\t\t\t<div class=\"elementor-element elementor-element-50ed2daf elementor-widget elementor-widget-text-editor\" data-id=\"50ed2daf\" data-element_type=\"widget\" data-e-type=\"widget\" data-widget_type=\"text-editor.default\">\n\t\t\t\t\t\t\t\t\t<p>Nuestra actividad comprende, entre otros, la redacci\u00f3n y revisi\u00f3n de contratos, el acompa\u00f1amiento en negociaciones, as\u00ed como el asesoramiento jur\u00eddico en cooperaciones, joint ventures y transacciones complejas.<br><\/p><p>En caso de litigio, defendemos sus intereses tanto ante tribunales estatales como en arbitrajes.<br> Desarrollamos estrategias claras para proteger eficazmente su posici\u00f3n y minimizar los riesgos econ\u00f3micos.<br><\/p>\t\t\t\t\t\t\t\t<\/div>\n\t\t\t\t<\/div>\n\t\t\t\t<\/div>\n\t\t<div class=\"elementor-element elementor-element-29b262a5 e-con-full e-flex e-con e-child\" data-id=\"29b262a5\" data-element_type=\"container\" data-e-type=\"container\">\n\t\t\t\t<div class=\"elementor-element elementor-element-4045d00b elementor-widget elementor-widget-text-editor\" data-id=\"4045d00b\" data-element_type=\"widget\" data-e-type=\"widget\" data-widget_type=\"text-editor.default\">\n\t\t\t\t\t\t\t\t\t<p>Gracias a nuestra experiencia en derecho empresarial, le acompa\u00f1amos como un socio de confianza, con un enfoque pragm\u00e1tico, orientado a soluciones y con una visi\u00f3n integral.<br><\/p>\t\t\t\t\t\t\t\t<\/div>\n\t\t\t\t<\/div>\n\t\t\t\t<\/div>\n\t\t<div class=\"elementor-element elementor-element-617e1323 e-con-full sidebar-menu e-flex e-con e-child\" data-id=\"617e1323\" data-element_type=\"container\" data-e-type=\"container\">\n\t\t\t\t<div class=\"elementor-element elementor-element-65ca39c7 list-unstyled elementor-widget elementor-widget-wp-widget-nav_menu\" data-id=\"65ca39c7\" data-element_type=\"widget\" data-e-type=\"widget\" data-widget_type=\"wp-widget-nav_menu.default\">\n\t\t\t\t<div class=\"elementor-widget-container\">\n\t\t\t\t\t<h5>Expertise<\/h5>\t\t\t\t<\/div>\n\t\t\t\t<\/div>\n\t\t\t\t<\/div>\n\t\t\t\t\t<\/div>\n\t\t\t\t<\/div>\n\t\t<div class=\"elementor-element elementor-element-30b1354b e-flex e-con-boxed e-con e-parent\" data-id=\"30b1354b\" data-element_type=\"container\" data-e-type=\"container\" id=\"ContaktformFooter\" data-settings=\"{&quot;background_background&quot;:&quot;classic&quot;}\">\n\t\t\t\t\t<div class=\"e-con-inner\">\n\t\t\t\t<div class=\"elementor-element elementor-element-23d36af7 elementor-widget elementor-widget-heading\" data-id=\"23d36af7\" data-element_type=\"widget\" data-e-type=\"widget\" data-widget_type=\"heading.default\">\n\t\t\t\t\t<h2 class=\"elementor-heading-title elementor-size-default\">P\u00f3ngase en contacto con nosotros<\/h2>\t\t\t\t<\/div>\n\t\t\t\t<div class=\"elementor-element elementor-element-6a174dd0 elementor-widget elementor-widget-text-editor\" data-id=\"6a174dd0\" data-element_type=\"widget\" data-e-type=\"widget\" data-widget_type=\"text-editor.default\">\n\t\t\t\t\t\t\t\t\t<p>Por favor, rellene el siguiente formulario de contacto y me pondr\u00e9 en contacto con usted para hablar de su asunto.<\/p>\t\t\t\t\t\t\t\t<\/div>\n\t\t\t\t<div class=\"elementor-element elementor-element-4d7b188a full-width elementor-widget elementor-widget-wpforms\" data-id=\"4d7b188a\" data-element_type=\"widget\" data-e-type=\"widget\" data-widget_type=\"wpforms.default\">\n\t\t\t\t<div class=\"elementor-widget-container\">\n\t\t\t\t\t<div class=\"wpforms-container wpforms-container-full wpforms-render-modern\" id=\"wpforms-199\"><form id=\"wpforms-form-199\" class=\"wpforms-validate wpforms-form wpforms-ajax-form\" data-formid=\"199\" method=\"post\" enctype=\"multipart\/form-data\" action=\"\/es\/wp-json\/wp\/v2\/pages\/2427\" data-token=\"54e9b1dacb12fd45972be36dfa83d545\" data-token-time=\"1777821968\"><noscript class=\"wpforms-error-noscript\">Por favor, activa JavaScript en tu navegador para completar este formulario.<\/noscript><div id=\"wpforms-error-noscript\" style=\"display: none;\">Por favor, activa JavaScript en tu navegador para completar este formulario.<\/div><div class=\"wpforms-field-container\"><div id=\"wpforms-199-field_1-container\" class=\"wpforms-field wpforms-field-name wpforms-one-third wpforms-first\" data-field-id=\"1\"><label class=\"wpforms-field-label wpforms-label-hide\" for=\"wpforms-199-field_1\" aria-hidden=\"false\">Nombre <span class=\"wpforms-required-label\" aria-hidden=\"true\">*<\/span><\/label><input type=\"text\" id=\"wpforms-199-field_1\" class=\"wpforms-field-large wpforms-field-required\" name=\"wpforms[fields][1]\" placeholder=\"Nombre\" aria-errormessage=\"wpforms-199-field_1-error\" required><\/div><div id=\"wpforms-199-field_2-container\" class=\"wpforms-field wpforms-field-email wpforms-one-third\" data-field-id=\"2\"><label class=\"wpforms-field-label wpforms-label-hide\" for=\"wpforms-199-field_2\" aria-hidden=\"false\">Correo electr\u00f3nico <span class=\"wpforms-required-label\" aria-hidden=\"true\">*<\/span><\/label><input type=\"email\" id=\"wpforms-199-field_2\" class=\"wpforms-field-large wpforms-field-required\" name=\"wpforms[fields][2]\" placeholder=\"Correo electr\u00f3nico\" spellcheck=\"false\" aria-errormessage=\"wpforms-199-field_2-error\" required><\/div>\t\t<div id=\"wpforms-199-field_5-container\"\n\t\t\tclass=\"wpforms-field wpforms-field-text\"\n\t\t\tdata-field-type=\"text\"\n\t\t\tdata-field-id=\"5\"\n\t\t\t>\n\t\t\t<label class=\"wpforms-field-label\" for=\"wpforms-199-field_5\" >electr\u00f3nico Correo Asunto<\/label>\n\t\t\t<input type=\"text\" id=\"wpforms-199-field_5\" class=\"wpforms-field-medium\" name=\"wpforms[fields][5]\" >\n\t\t<\/div>\n\t\t<div id=\"wpforms-199-field_3-container\" class=\"wpforms-field wpforms-field-text wpforms-one-third\" data-field-id=\"3\"><label class=\"wpforms-field-label wpforms-label-hide\" for=\"wpforms-199-field_3\" aria-hidden=\"false\">Asunto<\/label><input type=\"text\" id=\"wpforms-199-field_3\" class=\"wpforms-field-large\" name=\"wpforms[fields][3]\" placeholder=\"Asunto\" aria-errormessage=\"wpforms-199-field_3-error\" ><\/div><div id=\"wpforms-199-field_4-container\" class=\"wpforms-field wpforms-field-textarea\" data-field-id=\"4\"><label class=\"wpforms-field-label wpforms-label-hide\" for=\"wpforms-199-field_4\" aria-hidden=\"false\">Mensaje <span class=\"wpforms-required-label\" aria-hidden=\"true\">*<\/span><\/label><textarea id=\"wpforms-199-field_4\" class=\"wpforms-field-medium wpforms-field-required\" name=\"wpforms[fields][4]\" placeholder=\"Mensaje\" aria-errormessage=\"wpforms-199-field_4-error\" required><\/textarea><\/div><script>\n\t\t\t\t( function() {\n\t\t\t\t\tconst style = document.createElement( 'style' );\n\t\t\t\t\tstyle.appendChild( document.createTextNode( '#wpforms-199-field_5-container { position: absolute !important; overflow: hidden !important; display: inline !important; height: 1px !important; width: 1px !important; z-index: -1000 !important; padding: 0 !important; } #wpforms-199-field_5-container input { visibility: hidden; } #wpforms-conversational-form-page #wpforms-199-field_5-container label { counter-increment: none; }' ) );\n\t\t\t\t\tdocument.head.appendChild( style );\n\t\t\t\t\tdocument.currentScript?.remove();\n\t\t\t\t} )();\n\t\t\t<\/script><\/div><!-- .wpforms-field-container --><div class=\"wpforms-recaptcha-container wpforms-is-turnstile\" ><div class=\"wpforms-turnstile\" data-sitekey=\"0x4AAAAAAB0N4NWX0wredI7i\" data-action=\"FormID-199\"><\/div><input type=\"text\" name=\"g-recaptcha-hidden\" class=\"wpforms-recaptcha-hidden\" style=\"position:absolute!important;clip:rect(0,0,0,0)!important;height:1px!important;width:1px!important;border:0!important;overflow:hidden!important;padding:0!important;margin:0!important;\" data-rule-turnstile=\"1\"><\/div><div class=\"wpforms-submit-container\" ><input type=\"hidden\" name=\"wpforms[id]\" value=\"199\"><input type=\"hidden\" name=\"page_title\" value=\"\"><input type=\"hidden\" name=\"page_url\" value=\"https:\/\/www.anwaltskanzlei-zuerichsee.ch\/es\/wp-json\/wp\/v2\/pages\/2427\"><input type=\"hidden\" name=\"url_referer\" value=\"\"><button type=\"submit\" name=\"wpforms[submit]\" id=\"wpforms-submit-199\" class=\"wpforms-submit\" data-alt-text=\"Enviando\u2026\" data-submit-text=\"Enviar\" aria-live=\"assertive\" value=\"wpforms-submit\">Enviar<\/button><img decoding=\"async\" src=\"https:\/\/www.anwaltskanzlei-zuerichsee.ch\/wp-content\/plugins\/wpforms-lite\/assets\/images\/submit-spin.svg\" class=\"wpforms-submit-spinner\" style=\"display: none;\" width=\"26\" height=\"26\" alt=\"Cargando\"><\/div><\/form><\/div>  <!-- .wpforms-container -->\t\t\t\t<\/div>\n\t\t\t\t<\/div>\n\t\t\t\t\t<\/div>\n\t\t\t\t<\/div>\n\t\t\t\t<\/div>\n\t\t","protected":false},"excerpt":{"rendered":"<p>Derecho empresarial Derecho empresarial Asesoramos y representamos a empresas en todas las cuestiones legales relacionadas con la actividad empresarial cotidiana. Nuestra actividad comprende, entre otros, la redacci\u00f3n y revisi\u00f3n de contratos, el acompa\u00f1amiento en negociaciones,<br \/><a href=\"https:\/\/www.anwaltskanzlei-zuerichsee.ch\/es\/areas-de-practica\/derecho-empresarial\/\" rel=\"nofollow\" title=\"Derecho empresarial\"  >[M\u00e1s&#8230;]<\/a><\/p>\n","protected":false},"author":1,"featured_media":0,"parent":2409,"menu_order":0,"comment_status":"closed","ping_status":"closed","template":"","meta":{"footnotes":""},"class_list":["post-2427","page","type-page","status-publish","hentry"],"yoast_head":"<!-- This site is optimized with the Yoast SEO plugin v27.5 - https:\/\/yoast.com\/product\/yoast-seo-wordpress\/ -->\n<title>Su Abogado para Derecho empresarial | Anwaltskanzlei Z\u00fcrichsee<\/title>\n<meta name=\"description\" content=\"Sus expertos en derecho empresarial en Wollerau: asesoramiento en derecho societario, operaciones mercantiles, revisi\u00f3n de contratos, compliance y representaci\u00f3n jur\u00eddica.\" \/>\n<meta name=\"robots\" content=\"index, follow, max-snippet:-1, max-image-preview:large, max-video-preview:-1\" \/>\n<link rel=\"canonical\" href=\"https:\/\/www.anwaltskanzlei-zuerichsee.ch\/es\/areas-de-practica\/derecho-empresarial\/\" \/>\n<meta property=\"og:locale\" content=\"es_ES\" \/>\n<meta property=\"og:type\" content=\"article\" \/>\n<meta property=\"og:title\" content=\"Su Abogado para Derecho empresarial | Anwaltskanzlei Z\u00fcrichsee\" \/>\n<meta property=\"og:description\" content=\"Sus expertos en derecho empresarial en Wollerau: asesoramiento en derecho societario, operaciones mercantiles, revisi\u00f3n de contratos, compliance y representaci\u00f3n jur\u00eddica.\" \/>\n<meta property=\"og:url\" content=\"https:\/\/www.anwaltskanzlei-zuerichsee.ch\/es\/areas-de-practica\/derecho-empresarial\/\" \/>\n<meta property=\"og:site_name\" content=\"Anwaltskanzlei Z\u00fcrichsee\" \/>\n<meta property=\"article:modified_time\" content=\"2026-04-22T14:49:01+00:00\" \/>\n<meta property=\"og:image\" content=\"https:\/\/www.anwaltskanzlei-zuerichsee.ch\/wp-content\/plugins\/wpforms-lite\/assets\/images\/submit-spin.svg\" \/>\n<meta name=\"twitter:card\" content=\"summary_large_image\" \/>\n<meta name=\"twitter:label1\" content=\"Tiempo de lectura\" \/>\n\t<meta name=\"twitter:data1\" content=\"1 minuto\" \/>\n<script type=\"application\/ld+json\" class=\"yoast-schema-graph\">{\"@context\":\"https:\\\/\\\/schema.org\",\"@graph\":[{\"@type\":\"WebPage\",\"@id\":\"https:\\\/\\\/www.anwaltskanzlei-zuerichsee.ch\\\/es\\\/areas-de-practica\\\/derecho-empresarial\\\/\",\"url\":\"https:\\\/\\\/www.anwaltskanzlei-zuerichsee.ch\\\/es\\\/areas-de-practica\\\/derecho-empresarial\\\/\",\"name\":\"Su Abogado para Derecho empresarial | Anwaltskanzlei Z\u00fcrichsee\",\"isPartOf\":{\"@id\":\"https:\\\/\\\/www.anwaltskanzlei-zuerichsee.ch\\\/es\\\/#website\"},\"primaryImageOfPage\":{\"@id\":\"https:\\\/\\\/www.anwaltskanzlei-zuerichsee.ch\\\/es\\\/areas-de-practica\\\/derecho-empresarial\\\/#primaryimage\"},\"image\":{\"@id\":\"https:\\\/\\\/www.anwaltskanzlei-zuerichsee.ch\\\/es\\\/areas-de-practica\\\/derecho-empresarial\\\/#primaryimage\"},\"thumbnailUrl\":\"https:\\\/\\\/www.anwaltskanzlei-zuerichsee.ch\\\/wp-content\\\/plugins\\\/wpforms-lite\\\/assets\\\/images\\\/submit-spin.svg\",\"datePublished\":\"2025-08-19T13:53:52+00:00\",\"dateModified\":\"2026-04-22T14:49:01+00:00\",\"description\":\"Sus expertos en derecho empresarial en Wollerau: asesoramiento en derecho societario, operaciones mercantiles, revisi\u00f3n de contratos, compliance y representaci\u00f3n jur\u00eddica.\",\"breadcrumb\":{\"@id\":\"https:\\\/\\\/www.anwaltskanzlei-zuerichsee.ch\\\/es\\\/areas-de-practica\\\/derecho-empresarial\\\/#breadcrumb\"},\"inLanguage\":\"es\",\"potentialAction\":[{\"@type\":\"ReadAction\",\"target\":[\"https:\\\/\\\/www.anwaltskanzlei-zuerichsee.ch\\\/es\\\/areas-de-practica\\\/derecho-empresarial\\\/\"]}]},{\"@type\":\"ImageObject\",\"inLanguage\":\"es\",\"@id\":\"https:\\\/\\\/www.anwaltskanzlei-zuerichsee.ch\\\/es\\\/areas-de-practica\\\/derecho-empresarial\\\/#primaryimage\",\"url\":\"https:\\\/\\\/www.anwaltskanzlei-zuerichsee.ch\\\/wp-content\\\/plugins\\\/wpforms-lite\\\/assets\\\/images\\\/submit-spin.svg\",\"contentUrl\":\"https:\\\/\\\/www.anwaltskanzlei-zuerichsee.ch\\\/wp-content\\\/plugins\\\/wpforms-lite\\\/assets\\\/images\\\/submit-spin.svg\"},{\"@type\":\"BreadcrumbList\",\"@id\":\"https:\\\/\\\/www.anwaltskanzlei-zuerichsee.ch\\\/es\\\/areas-de-practica\\\/derecho-empresarial\\\/#breadcrumb\",\"itemListElement\":[{\"@type\":\"ListItem\",\"position\":1,\"name\":\"Startseite\",\"item\":\"https:\\\/\\\/www.anwaltskanzlei-zuerichsee.ch\\\/es\\\/inicio\\\/\"},{\"@type\":\"ListItem\",\"position\":2,\"name\":\"\u00c1reas de pr\u00e1ctica\",\"item\":\"https:\\\/\\\/www.anwaltskanzlei-zuerichsee.ch\\\/es\\\/areas-de-practica\\\/\"},{\"@type\":\"ListItem\",\"position\":3,\"name\":\"Derecho empresarial\"}]},{\"@type\":\"WebSite\",\"@id\":\"https:\\\/\\\/www.anwaltskanzlei-zuerichsee.ch\\\/es\\\/#website\",\"url\":\"https:\\\/\\\/www.anwaltskanzlei-zuerichsee.ch\\\/es\\\/\",\"name\":\"Anwaltskanzlei Z\u00fcrichsee\",\"description\":\"\",\"publisher\":{\"@id\":\"https:\\\/\\\/www.anwaltskanzlei-zuerichsee.ch\\\/es\\\/#organization\"},\"potentialAction\":[{\"@type\":\"SearchAction\",\"target\":{\"@type\":\"EntryPoint\",\"urlTemplate\":\"https:\\\/\\\/www.anwaltskanzlei-zuerichsee.ch\\\/es\\\/?s={search_term_string}\"},\"query-input\":{\"@type\":\"PropertyValueSpecification\",\"valueRequired\":true,\"valueName\":\"search_term_string\"}}],\"inLanguage\":\"es\"},{\"@type\":\"Organization\",\"@id\":\"https:\\\/\\\/www.anwaltskanzlei-zuerichsee.ch\\\/es\\\/#organization\",\"name\":\"Anwaltskanzlei Z\u00fcrichsee AG\",\"url\":\"https:\\\/\\\/www.anwaltskanzlei-zuerichsee.ch\\\/es\\\/\",\"logo\":{\"@type\":\"ImageObject\",\"inLanguage\":\"es\",\"@id\":\"https:\\\/\\\/www.anwaltskanzlei-zuerichsee.ch\\\/es\\\/#\\\/schema\\\/logo\\\/image\\\/\",\"url\":\"https:\\\/\\\/www.anwaltskanzlei-zuerichsee.ch\\\/wp-content\\\/uploads\\\/Anwaltskanzlei_Zuerichsee_Logo_Web.png\",\"contentUrl\":\"https:\\\/\\\/www.anwaltskanzlei-zuerichsee.ch\\\/wp-content\\\/uploads\\\/Anwaltskanzlei_Zuerichsee_Logo_Web.png\",\"width\":369,\"height\":60,\"caption\":\"Anwaltskanzlei Z\u00fcrichsee AG\"},\"image\":{\"@id\":\"https:\\\/\\\/www.anwaltskanzlei-zuerichsee.ch\\\/es\\\/#\\\/schema\\\/logo\\\/image\\\/\"}}]}<\/script>\n<!-- \/ Yoast SEO plugin. -->","yoast_head_json":{"title":"Su Abogado para Derecho empresarial | Anwaltskanzlei Z\u00fcrichsee","description":"Sus expertos en derecho empresarial en Wollerau: asesoramiento en derecho societario, operaciones mercantiles, revisi\u00f3n de contratos, compliance y representaci\u00f3n jur\u00eddica.","robots":{"index":"index","follow":"follow","max-snippet":"max-snippet:-1","max-image-preview":"max-image-preview:large","max-video-preview":"max-video-preview:-1"},"canonical":"https:\/\/www.anwaltskanzlei-zuerichsee.ch\/es\/areas-de-practica\/derecho-empresarial\/","og_locale":"es_ES","og_type":"article","og_title":"Su Abogado para Derecho empresarial | Anwaltskanzlei Z\u00fcrichsee","og_description":"Sus expertos en derecho empresarial en Wollerau: asesoramiento en derecho societario, operaciones mercantiles, revisi\u00f3n de contratos, compliance y representaci\u00f3n jur\u00eddica.","og_url":"https:\/\/www.anwaltskanzlei-zuerichsee.ch\/es\/areas-de-practica\/derecho-empresarial\/","og_site_name":"Anwaltskanzlei Z\u00fcrichsee","article_modified_time":"2026-04-22T14:49:01+00:00","og_image":[{"url":"https:\/\/www.anwaltskanzlei-zuerichsee.ch\/wp-content\/plugins\/wpforms-lite\/assets\/images\/submit-spin.svg","type":"","width":"","height":""}],"twitter_card":"summary_large_image","twitter_misc":{"Tiempo de lectura":"1 minuto"},"schema":{"@context":"https:\/\/schema.org","@graph":[{"@type":"WebPage","@id":"https:\/\/www.anwaltskanzlei-zuerichsee.ch\/es\/areas-de-practica\/derecho-empresarial\/","url":"https:\/\/www.anwaltskanzlei-zuerichsee.ch\/es\/areas-de-practica\/derecho-empresarial\/","name":"Su Abogado para Derecho empresarial | Anwaltskanzlei Z\u00fcrichsee","isPartOf":{"@id":"https:\/\/www.anwaltskanzlei-zuerichsee.ch\/es\/#website"},"primaryImageOfPage":{"@id":"https:\/\/www.anwaltskanzlei-zuerichsee.ch\/es\/areas-de-practica\/derecho-empresarial\/#primaryimage"},"image":{"@id":"https:\/\/www.anwaltskanzlei-zuerichsee.ch\/es\/areas-de-practica\/derecho-empresarial\/#primaryimage"},"thumbnailUrl":"https:\/\/www.anwaltskanzlei-zuerichsee.ch\/wp-content\/plugins\/wpforms-lite\/assets\/images\/submit-spin.svg","datePublished":"2025-08-19T13:53:52+00:00","dateModified":"2026-04-22T14:49:01+00:00","description":"Sus expertos en derecho empresarial en Wollerau: asesoramiento en derecho societario, operaciones mercantiles, revisi\u00f3n de contratos, compliance y representaci\u00f3n jur\u00eddica.","breadcrumb":{"@id":"https:\/\/www.anwaltskanzlei-zuerichsee.ch\/es\/areas-de-practica\/derecho-empresarial\/#breadcrumb"},"inLanguage":"es","potentialAction":[{"@type":"ReadAction","target":["https:\/\/www.anwaltskanzlei-zuerichsee.ch\/es\/areas-de-practica\/derecho-empresarial\/"]}]},{"@type":"ImageObject","inLanguage":"es","@id":"https:\/\/www.anwaltskanzlei-zuerichsee.ch\/es\/areas-de-practica\/derecho-empresarial\/#primaryimage","url":"https:\/\/www.anwaltskanzlei-zuerichsee.ch\/wp-content\/plugins\/wpforms-lite\/assets\/images\/submit-spin.svg","contentUrl":"https:\/\/www.anwaltskanzlei-zuerichsee.ch\/wp-content\/plugins\/wpforms-lite\/assets\/images\/submit-spin.svg"},{"@type":"BreadcrumbList","@id":"https:\/\/www.anwaltskanzlei-zuerichsee.ch\/es\/areas-de-practica\/derecho-empresarial\/#breadcrumb","itemListElement":[{"@type":"ListItem","position":1,"name":"Startseite","item":"https:\/\/www.anwaltskanzlei-zuerichsee.ch\/es\/inicio\/"},{"@type":"ListItem","position":2,"name":"\u00c1reas de pr\u00e1ctica","item":"https:\/\/www.anwaltskanzlei-zuerichsee.ch\/es\/areas-de-practica\/"},{"@type":"ListItem","position":3,"name":"Derecho empresarial"}]},{"@type":"WebSite","@id":"https:\/\/www.anwaltskanzlei-zuerichsee.ch\/es\/#website","url":"https:\/\/www.anwaltskanzlei-zuerichsee.ch\/es\/","name":"Anwaltskanzlei Z\u00fcrichsee","description":"","publisher":{"@id":"https:\/\/www.anwaltskanzlei-zuerichsee.ch\/es\/#organization"},"potentialAction":[{"@type":"SearchAction","target":{"@type":"EntryPoint","urlTemplate":"https:\/\/www.anwaltskanzlei-zuerichsee.ch\/es\/?s={search_term_string}"},"query-input":{"@type":"PropertyValueSpecification","valueRequired":true,"valueName":"search_term_string"}}],"inLanguage":"es"},{"@type":"Organization","@id":"https:\/\/www.anwaltskanzlei-zuerichsee.ch\/es\/#organization","name":"Anwaltskanzlei Z\u00fcrichsee AG","url":"https:\/\/www.anwaltskanzlei-zuerichsee.ch\/es\/","logo":{"@type":"ImageObject","inLanguage":"es","@id":"https:\/\/www.anwaltskanzlei-zuerichsee.ch\/es\/#\/schema\/logo\/image\/","url":"https:\/\/www.anwaltskanzlei-zuerichsee.ch\/wp-content\/uploads\/Anwaltskanzlei_Zuerichsee_Logo_Web.png","contentUrl":"https:\/\/www.anwaltskanzlei-zuerichsee.ch\/wp-content\/uploads\/Anwaltskanzlei_Zuerichsee_Logo_Web.png","width":369,"height":60,"caption":"Anwaltskanzlei Z\u00fcrichsee AG"},"image":{"@id":"https:\/\/www.anwaltskanzlei-zuerichsee.ch\/es\/#\/schema\/logo\/image\/"}}]}},"_links":{"self":[{"href":"https:\/\/www.anwaltskanzlei-zuerichsee.ch\/es\/wp-json\/wp\/v2\/pages\/2427","targetHints":{"allow":["GET"]}}],"collection":[{"href":"https:\/\/www.anwaltskanzlei-zuerichsee.ch\/es\/wp-json\/wp\/v2\/pages"}],"about":[{"href":"https:\/\/www.anwaltskanzlei-zuerichsee.ch\/es\/wp-json\/wp\/v2\/types\/page"}],"author":[{"embeddable":true,"href":"https:\/\/www.anwaltskanzlei-zuerichsee.ch\/es\/wp-json\/wp\/v2\/users\/1"}],"replies":[{"embeddable":true,"href":"https:\/\/www.anwaltskanzlei-zuerichsee.ch\/es\/wp-json\/wp\/v2\/comments?post=2427"}],"version-history":[{"count":1,"href":"https:\/\/www.anwaltskanzlei-zuerichsee.ch\/es\/wp-json\/wp\/v2\/pages\/2427\/revisions"}],"predecessor-version":[{"id":2428,"href":"https:\/\/www.anwaltskanzlei-zuerichsee.ch\/es\/wp-json\/wp\/v2\/pages\/2427\/revisions\/2428"}],"up":[{"embeddable":true,"href":"https:\/\/www.anwaltskanzlei-zuerichsee.ch\/es\/wp-json\/wp\/v2\/pages\/2409"}],"wp:attachment":[{"href":"https:\/\/www.anwaltskanzlei-zuerichsee.ch\/es\/wp-json\/wp\/v2\/media?parent=2427"}],"curies":[{"name":"wp","href":"https:\/\/api.w.org\/{rel}","templated":true}]}}